{"id":11,"date":"2026-01-12T08:55:40","date_gmt":"2026-01-12T08:55:40","guid":{"rendered":"https:\/\/genzeroglobal.org\/?page_id=11"},"modified":"2026-02-04T08:41:16","modified_gmt":"2026-02-04T08:41:16","slug":"about-us","status":"publish","type":"page","link":"https:\/\/genzeroglobal.org\/en\/about-us\/","title":{"rendered":"About Us"},"content":{"rendered":"<div data-elementor-type=\"wp-page\" data-elementor-id=\"11\" class=\"elementor elementor-11\" data-elementor-post-type=\"page\">\n\t\t\t\t<div class=\"elementor-element elementor-element-582d237 e-flex e-con-boxed e-con e-parent\" data-id=\"582d237\" data-element_type=\"container\" data-e-type=\"container\" data-settings=\"{&quot;background_background&quot;:&quot;classic&quot;}\">\n\t\t\t\t\t<div class=\"e-con-inner\">\n\t\t\t\t<div class=\"elementor-element elementor-element-2b75fd4 elementor-widget elementor-widget-heading\" data-id=\"2b75fd4\" data-element_type=\"widget\" data-e-type=\"widget\" data-widget_type=\"heading.default\">\n\t\t\t\t\t<h2 class=\"elementor-heading-title elementor-size-default\">ABOUT US<\/h2>\t\t\t\t<\/div>\n\t\t\t\t\t<\/div>\n\t\t\t\t<\/div>\n\t\t<div class=\"elementor-element elementor-element-60b3e56 e-flex e-con-boxed e-con e-parent\" data-id=\"60b3e56\" data-element_type=\"container\" data-e-type=\"container\">\n\t\t\t\t\t<div class=\"e-con-inner\">\n\t\t\t\t<div class=\"elementor-element elementor-element-ef70263 elementor-widget elementor-widget-heading\" data-id=\"ef70263\" data-element_type=\"widget\" data-e-type=\"widget\" data-widget_type=\"heading.default\">\n\t\t\t\t\t<h2 class=\"elementor-heading-title elementor-size-default\">FOR YOUTH, FOR SUSTAINABILITY<\/h2>\t\t\t\t<\/div>\n\t\t\t\t\t<\/div>\n\t\t\t\t<\/div>\n\t\t<div class=\"elementor-element elementor-element-75cd6d6 e-flex e-con-boxed e-con e-parent\" data-id=\"75cd6d6\" data-element_type=\"container\" data-e-type=\"container\">\n\t\t\t\t\t<div class=\"e-con-inner\">\n\t\t<div class=\"elementor-element elementor-element-b2b7407 e-con-full e-flex e-con e-child\" data-id=\"b2b7407\" data-element_type=\"container\" data-e-type=\"container\">\n\t\t\t\t<div class=\"elementor-element elementor-element-80a6436 elementor-widget elementor-widget-image\" data-id=\"80a6436\" data-element_type=\"widget\" data-e-type=\"widget\" data-widget_type=\"image.default\">\n\t\t\t\t\t\t\t\t\t\t\t\t\t\t\t<img fetchpriority=\"high\" decoding=\"async\" width=\"2560\" height=\"1648\" src=\"https:\/\/genzeroglobal.org\/wp-content\/uploads\/2026\/01\/hh-bao-ngoc-genzero-scaled.jpg\" class=\"attachment-full size-full wp-image-116\" alt=\"\" srcset=\"https:\/\/genzeroglobal.org\/wp-content\/uploads\/2026\/01\/hh-bao-ngoc-genzero-scaled.jpg 2560w, https:\/\/genzeroglobal.org\/wp-content\/uploads\/2026\/01\/hh-bao-ngoc-genzero-300x193.jpg 300w, https:\/\/genzeroglobal.org\/wp-content\/uploads\/2026\/01\/hh-bao-ngoc-genzero-1024x659.jpg 1024w, https:\/\/genzeroglobal.org\/wp-content\/uploads\/2026\/01\/hh-bao-ngoc-genzero-768x494.jpg 768w, https:\/\/genzeroglobal.org\/wp-content\/uploads\/2026\/01\/hh-bao-ngoc-genzero-1536x989.jpg 1536w, https:\/\/genzeroglobal.org\/wp-content\/uploads\/2026\/01\/hh-bao-ngoc-genzero-2048x1318.jpg 2048w\" sizes=\"(max-width: 2560px) 100vw, 2560px\" \/>\t\t\t\t\t\t\t\t\t\t\t\t\t\t\t<\/div>\n\t\t\t\t<\/div>\n\t\t<div class=\"elementor-element elementor-element-8744fdd e-con-full e-flex e-con e-child\" data-id=\"8744fdd\" data-element_type=\"container\" data-e-type=\"container\">\n\t\t<div class=\"elementor-element elementor-element-94c9d7f e-con-full e-flex e-con e-child\" data-id=\"94c9d7f\" data-element_type=\"container\" data-e-type=\"container\">\n\t\t\t\t<div class=\"elementor-element elementor-element-741796f elementor-widget elementor-widget-text-editor\" data-id=\"741796f\" data-element_type=\"widget\" data-e-type=\"widget\" data-widget_type=\"text-editor.default\">\n\t\t\t\t\t\t\t\t\t<p>Gen Zero was founded to inspire and empower Vietnamese youth to take the lead in building a sustainable future, raising awareness of climate change, promoting practical action, and amplifying young voices in environmental protection.<\/p>\t\t\t\t\t\t\t\t<\/div>\n\t\t\t\t<\/div>\n\t\t\t\t<\/div>\n\t\t\t\t\t<\/div>\n\t\t\t\t<\/div>\n\t\t<div class=\"elementor-element elementor-element-ce72c90 e-flex e-con-boxed e-con e-child\" data-id=\"ce72c90\" data-element_type=\"container\" data-e-type=\"container\">\n\t\t\t\t\t<div class=\"e-con-inner\">\n\t\t\t\t<div class=\"elementor-element elementor-element-d74fd5e elementor-widget elementor-widget-ucaddon_content_tabs\" data-id=\"d74fd5e\" data-element_type=\"widget\" data-e-type=\"widget\" data-widget_type=\"ucaddon_content_tabs.default\">\n\t\t\t\t<div class=\"elementor-widget-container\">\n\t\t\t\t\t\n<!-- start Content Tabs -->\n\t\t<link id='font-awesome-css' href='https:\/\/genzeroglobal.org\/wp-content\/plugins\/unlimited-elements-for-elementor-premium\/assets_libraries\/font-awesome6\/fontawesome-all.min.css' type='text\/css' rel='stylesheet' >\n\t\t<link id='font-awesome-4-shim-css' href='https:\/\/genzeroglobal.org\/wp-content\/plugins\/unlimited-elements-for-elementor-premium\/assets_libraries\/font-awesome6\/fontawesome-v4-shims.min.css' type='text\/css' rel='stylesheet' >\n\n<style>\/* widget: Content Tabs *\/\n\n#uc_content_tabs_elementor_d74fd5e * {\n    box-sizing: border-box;\n}\n\n#uc_content_tabs_elementor_d74fd5e { \n  text-align: left; \n  position: relative;\n  overflow:hidden;\n  display:flex;\n  flex-direction:column;\n}\n\n#uc_content_tabs_elementor_d74fd5e .ue-graphic-element{\n  display:inline-flex;\n  align-items:center;\n  justify-content:center;\n  line-height:1em;\n  overflow:hidden;\n}\n\n#uc_content_tabs_elementor_d74fd5e .ue-graphic-element svg{\n  height:1em;\n  width:1em;\n}\n\n#uc_content_tabs_elementor_d74fd5e .ue-graphic-element img{\n  display:block;\n}\n\n#uc_content_tabs_elementor_d74fd5e .ue-item-image img{\n  width:100%;\n  display:block;\n}\n\n#uc_content_tabs_elementor_d74fd5e .ue-ge-icon,\n#uc_content_tabs_elementor_d74fd5e .ue-ge-text{\n  transition: all, .3s ease;\n}\n\n#uc_content_tabs_elementor_d74fd5e .uc_container .uc_btn {\n    text-align: center;\n    display: inline-block;\n    text-decoration: none;\n    transition: ease-in-out all 0.25s;\n}\n\n\t\n\n#uc_content_tabs_elementor_d74fd5e .ue-tab-btn{\n  transition: 0.5s;\n} \n\n#uc_content_tabs_elementor_d74fd5e > ul.ue-tabs{\n   margin:0px;\n   list-style:none;\n   display:flex;\n}\n\n  #uc_content_tabs_elementor_d74fd5e > ul.ue-tabs{\n      justify-content:center;\n      flex-wrap: wrap;\n  }\n\n#uc_content_tabs_elementor_d74fd5e > ul.ue-tabs > li{\n\tpadding:0px; \n\tmargin:0px;\n           flex:1;\n       text-align:center;\n    \t\n}\n\t\n#uc_content_tabs_elementor_d74fd5e > ul.ue-tabs > li > a {\t\n\tdisplay:flex;\n\ttext-decoration:none;\n    transition:0.5s;\n    flex-wrap: wrap;    \n}\n\n#uc_content_tabs_elementor_d74fd5e .tab-container {\n\tclear:both;\n\toverflow:hidden;\n}\n\n#uc_content_tabs_elementor_d74fd5e .ue_post_image img{\n  display:block;\n  width:100%;\n  object-fit: cover;\n}\n\n#uc_content_tabs_elementor_d74fd5e .ue_post_link{\n  display:;\n  text-decoration:none;\n}\n\n#uc_content_tabs_elementor_d74fd5e .panes{ \n  display:none;\n}\n\n#uc_content_tabs_elementor_d74fd5e.r-tabs .r-tabs-tab {\n    display: block;\n    margin: 0;\n    list-style: none;\n}\n\n#uc_content_tabs_elementor_d74fd5e.r-tabs .r-tabs-panel {\n    display: none;\n}\n\n#uc_content_tabs_elementor_d74fd5e.r-tabs .r-tabs-accordion-title {\n    display: none;\n}\n\n#uc_content_tabs_elementor_d74fd5e.r-tabs .r-tabs-panel.r-tabs-state-active {\n    display: flex;\n}\n\n#uc_content_tabs_elementor_d74fd5e .panel-container{\n   width:100%;\n}\n\n  #uc_content_tabs_elementor_d74fd5e .ue-item-content-layout{\n    display:flex;\n  }\n\n  #uc_content_tabs_elementor_d74fd5e .ue-item-image-wrapper{\n    flex-grow:0;\n    flex-shrink:0;\n  }\n\n  #uc_content_tabs_elementor_d74fd5e .ue-item-content-wrapper{\n    display:flex;\n    flex-grow:1;\n  }\n\n\n@media only screen and (max-width: 768px){\n\n   #uc_content_tabs_elementor_d74fd5e > ul.ue-tabs {display:none;}\n   #uc_content_tabs_elementor_d74fd5e.r-tabs .r-tabs-nav { display: none;}\n\n   #uc_content_tabs_elementor_d74fd5e.r-tabs .r-tabs-accordion-title { display: block;}\n   #uc_content_tabs_elementor_d74fd5e .r-tabs-accordion-title .r-tabs-anchor{ \n        display:flex;\n        align-items:center;\n        overflow:hidden; \n   }\n\n   #uc_content_tabs_elementor_d74fd5e .uc-tabs-accordion-title{\n       flex-grow:1;\n   }\n\n   #uc_content_tabs_elementor_d74fd5e .r-tabs-accordion-title .uc-accordion-icon-collapse{\n      display:none;    \n   }\n\n   #uc_content_tabs_elementor_d74fd5e .r-tabs-accordion-title.r-tabs-state-active .uc-accordion-icon-collapse{\n      display:block;\n   }\n\n   #uc_content_tabs_elementor_d74fd5e .r-tabs-accordion-title.r-tabs-state-active .uc-accordion-icon-expand{\n      display:none;\n   }\n\n   #uc_content_tabs_elementor_d74fd5e .ue-item-content-layout{\n      display:flex;\n      flex-direction:column;\n   }\n\n   #uc_content_tabs_elementor_d74fd5e .ue-item-image-wrapper{\n      width:100%;\n   }\n\n   #uc_content_tabs_elementor_d74fd5e .uc-tabs-accordion-title{\n      display:flex;\n      align-items:center;\n   }\n\n   #uc_content_tabs_elementor_d74fd5e .panel-container{\n     width:100%;\n        } \n\n    #uc_content_tabs_elementor_d74fd5e .tab-container{\n      background-color: ;\n    }\n\n  }\n\n\n\n<\/style>\n\n<div class=\"uc_bold_tabs padding\" id=\"uc_content_tabs_elementor_d74fd5e\"  data-debug=\"false\" data-editor=\"no\"  data-collapsible=\"true\" data-hash=\"false\" data-hash-scroll=\"off\" data-scroll-to-selected-tab-offset=\"0\" data-scroll-after-selected=\"false\" data-remote-type=\"tabs\">\n  <ul class=\"ue-tabs uc_tab_nav uc-items-wrapper\">\n    \n<li class=\"elementor-repeater-item-9688a8f\">  \t\n  <a href=\"javascript:void(0);\" data-content-id=\"uc_content_tabs_elementor_d74fd5e_item1\"  data-hash-id=\"#ue-tab1\" class=\"ue-tab-btn\">\n            \t   \n    <div>Challenge<\/div>\n  <\/a>      \n<\/li>\n\n<li class=\"elementor-repeater-item-884156e\">  \t\n  <a href=\"javascript:void(0);\" data-content-id=\"uc_content_tabs_elementor_d74fd5e_item2\"  data-hash-id=\"#ue-tab2\" class=\"ue-tab-btn\">\n            \t   \n    <div>Our Mission<\/div>\n  <\/a>      \n<\/li>\n\n<li class=\"elementor-repeater-item-a905c80\">  \t\n  <a href=\"javascript:void(0);\" data-content-id=\"uc_content_tabs_elementor_d74fd5e_item3\"  data-hash-id=\"#ue-tab3\" class=\"ue-tab-btn\">\n            \t   \n    <div>Leading the change<\/div>\n  <\/a>      \n<\/li>\n\n  <\/ul>\n  <div class=\"panel-container uc_tab_content uc-items-wrapper2\">\n\t<div id=\"uc_content_tabs_elementor_d74fd5e_item1\" class=\"tab-container panes\">\n  <div>\n              <div class=\"ue-item-content-layout\"> \n        <div class=\"ue-item-image-wrapper\"><div class=\"ue-item-image\"><img decoding=\"async\" src=\"https:\/\/genzeroglobal.org\/wp-content\/uploads\/2026\/01\/aaaa.jpg\"  alt=\"aaaa\" width=\"720\" height=\"404\"><\/div><\/div>        <div class=\"ue-item-content-wrapper\">\n          <div class=\"ue-content-title\">Challenge<\/div>          <div class=\"ue-content-text\"><p data-path-to-node=\"3\">While youth are the most impacted by climate change, they often lack sufficient opportunities to participate in critical policy-making processes. Barriers such as limited access to information, a lack of practical skills, and inadequate platforms for dialogue prevent young voices from being fully heard in discussions about a sustainable future.<\/p><\/div>                  <\/div>  \n      <\/div>\n         \n      <\/div>\n<\/div>\n<div id=\"uc_content_tabs_elementor_d74fd5e_item2\" class=\"tab-container panes\">\n  <div>\n              <div class=\"ue-item-content-layout\"> \n        <div class=\"ue-item-image-wrapper\"><div class=\"ue-item-image\"><img decoding=\"async\" src=\"https:\/\/genzeroglobal.org\/wp-content\/uploads\/2026\/01\/hinh-2-hh-bao-ngoc.jpg\"  alt=\"hi\u0300nh 2 hh ba\u0309o ngo\u0323c\" width=\"1839\" height=\"1166\"><\/div><\/div>        <div class=\"ue-item-content-wrapper\">\n          <div class=\"ue-content-title\">Our Mission<\/div>          <div class=\"ue-content-text\"><p data-path-to-node=\"7\">Gen Zero\u2019s mission <b data-path-to-node=\"7\" data-index-in-node=\"24\">Gen Zero<\/b> is to pioneer youth empowerment within climate policy in Viet Nam. We are committed to:<\/p><ul data-path-to-node=\"8\"><li><p data-path-to-node=\"8,0,0\"><b data-path-to-node=\"8,0,0\" data-index-in-node=\"0\">Awareness<\/b> Providing accessible and simplified climate policy information to the community.<\/p><\/li><li><p data-path-to-node=\"8,1,0\"><b data-path-to-node=\"8,1,0\" data-index-in-node=\"0\">Capacity<\/b> quipping youth with the necessary tools and practical skills to contribute effectively.<\/p><\/li><li><p data-path-to-node=\"8,2,0\"><b data-path-to-node=\"8,2,0\" data-index-in-node=\"0\">Participation<\/b> Building pathways for young voices to scale from local levels to global stages like COP30. <b data-path-to-node=\"8,2,0\" data-index-in-node=\"109\">COP30<\/b>.<\/p><\/li><\/ul><\/div>                  <\/div>  \n      <\/div>\n         \n      <\/div>\n<\/div>\n<div id=\"uc_content_tabs_elementor_d74fd5e_item3\" class=\"tab-container panes\">\n  <div>\n              <div class=\"ue-item-content-layout\"> \n        <div class=\"ue-item-image-wrapper\"><div class=\"ue-item-image\"><img loading=\"lazy\" decoding=\"async\" src=\"https:\/\/genzeroglobal.org\/wp-content\/uploads\/2026\/01\/hinh-3-hh-bao-ngoc.jpg\"  alt=\"hi\u0300nh 3 hh ba\u0309o ngo\u0323c\" width=\"1839\" height=\"1166\"><\/div><\/div>        <div class=\"ue-item-content-wrapper\">\n          <div class=\"ue-content-title\">Leading the change<\/div>          <div class=\"ue-content-text\"><p>Miss Intercontinental 2022 Le Nguyen Bao Ngoc is a powerful inspiration for Gen Zero. Alongside her artistic pursuits, she actively engages in social initiatives for youth and sustainable development, achieving several notable milestones such as: <span style=\"font-family: -apple-system, BlinkMacSystemFont, 'Segoe UI', Roboto, 'Helvetica Neue', Arial, 'Noto Sans', sans-serif, 'Apple Color Emoji', 'Segoe UI Emoji', 'Segoe UI Symbol', 'Noto Color Emoji';\">B\u00ean c\u1ea1nh ngh\u1ec7 thu\u1eadt, c\u00f4 t\u00edch c\u1ef1c ho\u1ea1t \u0111\u1ed9ng x\u00e3 h\u1ed9i v\u00ec thanh ni\u00ean v\u00e0 ph\u00e1t tri\u1ec3n b\u1ec1n v\u1eefng, v\u1edbi nhi\u1ec1u d\u1ea5u \u1ea5n n\u1ed5i b\u1eadt nh\u01b0:<\/span><\/p><ul><li>Global Ambassador for Earth Day 2023 in Vietnam<br \/>Representative of Vietnamese Youth at the 18th Conference of Youth, participating in the COP 28 UN Climate Change Conference in Dubai, UAE<\/li><li>Representative of Vietnamese Youth at the 18th Conference of Youth, participating in the COP 28 UN Climate Change Conference in Dubai, UAE<\/li><li>Youth and Climate Ambassador, Mekong Media Field Trip<\/li><li>Canada-ASEAN Scholarships and Educational Exchanges for Development<\/li><li>Media ambassador and organizer of sustainable development programs)<\/li><\/ul><\/div>                  <\/div>  \n      <\/div>\n         \n      <\/div>\n<\/div>\n\n  <\/div>\n  \n  <div class=\"uc-accordion-contents-template\" style=\"display:none\">\n    <div class=\"uc-accordion-icon\">\n      <span class=\"uc-accordion-icon-expand\"><i class='fas fa-plus'><\/i><\/span>\n      <span class=\"uc-accordion-icon-collapse\"><i class='fas fa-minus'><\/i><\/span>\n    <\/div>\n  <\/div>\n  \n<\/div>\n<!-- end Content Tabs -->\t\t\t\t<\/div>\n\t\t\t\t<\/div>\n\t\t\t\t\t<\/div>\n\t\t\t\t<\/div>\n\t\t\t\t<\/div>","protected":false},"excerpt":{"rendered":"<p>ABOUT US V\u00cc THANH NI\u00caN, V\u00cc PH\u00c1T TRI\u1ec2N B\u1ec0N V\u1eeeNG Gen Zero ra \u0111\u1eddi nh\u1eb1m truy\u1ec1n c\u1ea3m h\u1ee9ng v\u00e0 trao quy\u1ec1n cho thanh ni\u00ean Vi\u1ec7t Nam ti\u00ean phong x\u00e2y d\u1ef1ng t\u01b0\u01a1ng lai b\u1ec1n v\u1eefng, n\u00e2ng cao nh\u1eadn th\u1ee9c v\u1ec1 bi\u1ebfn \u0111\u1ed5i kh\u00ed h\u1eadu, th\u00fac \u0111\u1ea9y h\u00e0nh \u0111\u1ed9ng thi\u1ebft th\u1ef1c v\u00e0 t\u0103ng c\u01b0\u1eddng ti\u1ebfng n\u00f3i c\u1ee7a [&hellip;]<\/p>","protected":false},"author":1,"featured_media":0,"parent":0,"menu_order":0,"comment_status":"closed","ping_status":"closed","template":"elementor_header_footer","meta":{"footnotes":""},"class_list":["post-11","page","type-page","status-publish","hentry"],"_links":{"self":[{"href":"https:\/\/genzeroglobal.org\/en\/wp-json\/wp\/v2\/pages\/11","targetHints":{"allow":["GET"]}}],"collection":[{"href":"https:\/\/genzeroglobal.org\/en\/wp-json\/wp\/v2\/pages"}],"about":[{"href":"https:\/\/genzeroglobal.org\/en\/wp-json\/wp\/v2\/types\/page"}],"author":[{"embeddable":true,"href":"https:\/\/genzeroglobal.org\/en\/wp-json\/wp\/v2\/users\/1"}],"replies":[{"embeddable":true,"href":"https:\/\/genzeroglobal.org\/en\/wp-json\/wp\/v2\/comments?post=11"}],"version-history":[{"count":26,"href":"https:\/\/genzeroglobal.org\/en\/wp-json\/wp\/v2\/pages\/11\/revisions"}],"predecessor-version":[{"id":230,"href":"https:\/\/genzeroglobal.org\/en\/wp-json\/wp\/v2\/pages\/11\/revisions\/230"}],"wp:attachment":[{"href":"https:\/\/genzeroglobal.org\/en\/wp-json\/wp\/v2\/media?parent=11"}],"curies":[{"name":"wp","href":"https:\/\/api.w.org\/{rel}","templated":true}]}}