{"id":13,"date":"2026-01-12T08:55:40","date_gmt":"2026-01-12T08:55:40","guid":{"rendered":"https:\/\/genzeroglobal.org\/?page_id=13"},"modified":"2026-01-13T09:49:20","modified_gmt":"2026-01-13T09:49:20","slug":"blog-news","status":"publish","type":"page","link":"https:\/\/genzeroglobal.org\/en\/blog-news\/","title":{"rendered":"Blog\/News"},"content":{"rendered":"<div data-elementor-type=\"wp-page\" data-elementor-id=\"13\" class=\"elementor elementor-13\" data-elementor-post-type=\"page\">\n\t\t\t\t<div class=\"elementor-element elementor-element-c083bce e-flex e-con-boxed e-con e-parent\" data-id=\"c083bce\" data-element_type=\"container\" data-e-type=\"container\">\n\t\t\t\t\t<div class=\"e-con-inner\">\n\t\t\t\t<div class=\"elementor-element elementor-element-f165c2b elementor-widget elementor-widget-heading\" data-id=\"f165c2b\" data-element_type=\"widget\" data-e-type=\"widget\" data-widget_type=\"heading.default\">\n\t\t\t\t\t<h2 class=\"elementor-heading-title elementor-size-default\">Blog\/News<\/h2>\t\t\t\t<\/div>\n\t\t\t\t<div class=\"elementor-element elementor-element-4cbe34f elementor-widget elementor-widget-ucaddon_post_grid\" data-id=\"4cbe34f\" data-element_type=\"widget\" data-e-type=\"widget\" data-widget_type=\"ucaddon_post_grid.default\">\n\t\t\t\t<div class=\"elementor-widget-container\">\n\t\t\t\t\t\n<!-- start Post Grid -->\n\t\t<link id='font-awesome-css' href='https:\/\/genzeroglobal.org\/wp-content\/plugins\/unlimited-elements-for-elementor-premium\/assets_libraries\/font-awesome6\/fontawesome-all.min.css' type='text\/css' rel='stylesheet' >\n\t\t<link id='font-awesome-4-shim-css' href='https:\/\/genzeroglobal.org\/wp-content\/plugins\/unlimited-elements-for-elementor-premium\/assets_libraries\/font-awesome6\/fontawesome-v4-shims.min.css' type='text\/css' rel='stylesheet' >\n\n<style>\/* widget: Post Grid *\/\n\n\n\n#uc_post_grid_elementor_4cbe34f{\n  min-height: 1px;\n}\n\n#uc_post_grid_elementor_4cbe34f.uc_post_grid_style_one .uc_post_grid_style_one_wrap {\n   display:grid;\n}\n\n\n#uc_post_grid_elementor_4cbe34f .uc_post_grid_style_one_item{\n  position:relative;\n}\n\n#uc_post_grid_elementor_4cbe34f .uc_post_image{\n  transition:0.3s;\n  position:relative;\n  overflow:hidden;\n}\n\n#uc_post_grid_elementor_4cbe34f .uc_post_image img{\n  width:100%;\n  display:block;\n  transition:0.3s;\n}\n\n\t\n\n#uc_post_grid_elementor_4cbe34f .uc_post_image_overlay{\n  position:absolute;\n  top:0px;\n  left:0px;\n  height:100%;\n  width:100%;\n  transition:0.3s;\n}\n\n#uc_post_grid_elementor_4cbe34f .uc_more_btn-custom-field{\n  display:inline-block;\n  text-align:center;\n  text-decoration:none;\n  transition:0.3s;\n}\n\n#uc_post_grid_elementor_4cbe34f .uc_more_btn{\n  display:inline-block;\n  text-align:center;\n  text-decoration:none;\n  transition:0.3s;\n}\n\n.ue-grid-item-category a{\n  display:inline-block;\n  font-size:10px;\n  position: relative;\n  z-index: 1;\n}\n\n#uc_post_grid_elementor_4cbe34f .ue-grid-item-posttype{\n  display:inline-block;\n  position: relative;\n  z-index: 1;\n}\n\n\n.uc_post_title{\n  font-size:21px;\n}\n\n\n#uc_post_grid_elementor_4cbe34f.uc_post_grid_style_one.ue-list-view .uc_content{\n flex-grow:1;\n}\n\n\n  #uc_post_grid_elementor_4cbe34f:not(.ue-list-view) .ue_post_grid_item{\n    display:flex;\n    flex-direction:column;\n  }\n  \n  #uc_post_grid_elementor_4cbe34f.uc_post_grid_style_one:not(.ue-list-view) .uc_content{\n   flex-grow:1;\n  }\n\n  #uc_post_grid_elementor_4cbe34f.uc_post_grid_style_one .uc_content > div{\n    height:100%;\n    display:flex;\n    flex-direction:column;\n    justify-content: space-between;  }\n\n    #uc_post_grid_elementor_4cbe34f .uc_post_button   {\n     margin-top:auto;\n   }\n  \n\n\n\n\n\n\n\n\n\n\n\n\n\/*  for grid\/list layout switcher*\/\n\t#uc_post_grid_elementor_4cbe34f.ue-list-view .uc_post_grid_style_one_item {\n     display:flex;  \n     flex-direction:row;\n    }\n    #uc_post_grid_elementor_4cbe34f.ue-list-view .uc_post_grid_style_one_item > div{\n     width:50%;\n    }\n   \n    #uc_post_grid_elementor_4cbe34f.ue-list-view .uc_content    {\n      display:flex;\n      flex-direction:column;\n      justify-content:center;\n    }\n \n\/*  for grid\/list layout switcher*\/\n\n#uc_post_grid_elementor_4cbe34f .ue-meta-data{  \n  display:flex !important;\n  flex-wrap: wrap;\n  line-height:1em;\n}\n\n#uc_post_grid_elementor_4cbe34f .ue-grid-item-meta-data{\n  display:inline-flex;\n  align-items:center;\n}\n\n#uc_post_grid_elementor_4cbe34f .ue-grid-item-meta-data a{\n  color:inherit;\n}\n\n.ue-grid-item-meta-data{\n  font-size:12px;\n}\n\n#uc_post_grid_elementor_4cbe34f .ue-grid-item-meta-data-icon{\n  line-height:1em;\n}\n\n#uc_post_grid_elementor_4cbe34f .ue-grid-item-meta-data-icon svg{\n  width:1em;\n  height:1em;\n}\n\n#uc_post_grid_elementor_4cbe34f .ue-debug-meta{\n  padding:10px;\n  border:1px solid red;\n  position:relative;\n  line-height:1.5em;\n  font-size:11px;\n  width:100%;\n}\n\n#uc_post_grid_elementor_4cbe34f .uc_btn_inner{\n  display:inline-flex;\n  align-items:center;\n  pointer-events:none;\n}\n\n#uc_post_grid_elementor_4cbe34f .uc_btn_inner svg{\n  width:1em;\n  height:1em;\n}\n#uc_post_grid_elementor_4cbe34f .ue_p_title{\n  pointer-events:none;\n}\n\n\n#uc_post_grid_elementor_4cbe34f .uc_content_inner{\n  width: 100%;\n}\n\n\n#uc_post_grid_elementor_4cbe34f .view-switcher-button{\n  display: flex;\n  align-items: center;\n}\n\n#uc_post_grid_elementor_4cbe34f .view-switcher-icon{\n  display: flex;\n  align-items: center;\n  line-height: 1;\n  cursor: pointer;\n  transition: all .3s ease;\n}\n\n#uc_post_grid_elementor_4cbe34f .view-switcher-icon svg{\n  height:1em;\n  width:1em;\n}\n\n#uc_post_grid_elementor_4cbe34f .view-switcher-icon.ue-hidden{\n  display: none;\n}\n\n\n#uc_post_grid_elementor_4cbe34f_item1 [href=\"javascript:void(0)\"]{\n  cursor: unset;\n}\n\n\n#uc_post_grid_elementor_4cbe34f_item2 [href=\"javascript:void(0)\"]{\n  cursor: unset;\n}\n\n\n#uc_post_grid_elementor_4cbe34f_item3 [href=\"javascript:void(0)\"]{\n  cursor: unset;\n}\n\n\n#uc_post_grid_elementor_4cbe34f_item4 [href=\"javascript:void(0)\"]{\n  cursor: unset;\n}\n\n\n<\/style>\n\n<div id=\"uc_post_grid_elementor_4cbe34f\" class=\"uc_post_grid_style_one\"  >\n  \t\n  <div class=\"uc_post_grid_style_one_wrap ue_post_grid uc-items-wrapper ue-woo-grid\">\n    \n\n\n\n\n<div id=\"uc_post_grid_elementor_4cbe34f_item1\" class=\"uc_post_grid_style_one_item ue_post_grid_item ue-item\">\n  \n      <a class=\"uc_post_grid_style_one_image\" href='https:\/\/genzeroglobal.org\/en\/hoa-hau-bao-ngoc-mang-du-an-gen-zero-den-dien-dan-quoc-te\/' target=\"_self\">\n     <div class=\"uc_post_image\">\n       <img loading=\"lazy\" decoding=\"async\" src=\"https:\/\/genzeroglobal.org\/wp-content\/uploads\/2026\/01\/image-1.jpg\"  alt=\"image (1)\" width=\"830\" height=\"623\">\n       <div class=\"uc_post_image_overlay\"><\/div>\n     <\/div>\n    <\/a>\n   \n  <div class=\"uc_content\">\n    <div class=\"uc_content_inner\">\n      <div class=\"uc_content-info-wrapper\" >\n                \n                            \n        <div class=\"uc_post_title\"><a class=\"\" href='https:\/\/genzeroglobal.org\/en\/hoa-hau-bao-ngoc-mang-du-an-gen-zero-den-dien-dan-quoc-te\/' target=\"_self\"><div class=\"ue_p_title\">Hoa h\u1eadu B\u1ea3o Ng\u1ecdc mang d\u1ef1 \u00e1n \"Gen Zero\" \u0111\u1ebfn di\u1ec5n \u0111\u00e0n qu\u1ed1c t\u1ebf<\/div><\/a><\/div>\t\n                 \n          <div class=\"ue-meta-data\">\n            \n                \t    \n                \n        \n\t\n                \n                \n                \n                \n    \t\t\t\n      \n            \n  <\/div>\t\n        \t<div class=\"uc_post_text\">D\u1ef1 \u00e1n &#8220;Gen Zero&#8221; do B\u1ea3o Ng\u1ecdc s\u00e1ng l\u1eadp v\u00e0 s\u1ebd \u0111\u01b0\u1ee3c c\u00f4 mang t\u1edbi \u0111\u1ea5u tr\u01b0\u1eddng &#8220;Miss World...<\/div>\n     \n                   \n                         \n                                              \n      <\/div>                      \n            <div class=\"uc_post_button\">\n        \n        <a class=\"uc_more_btn\" target=\"_blank\" href='https:\/\/genzeroglobal.org\/en\/hoa-hau-bao-ngoc-mang-du-an-gen-zero-den-dien-dan-quoc-te\/'>\n          <div class=\"uc_btn_inner\">\n            <div class=\"uc_btn_txt\">Read More<\/div>\n                      <\/div>\n      \t<\/a>\n        \n                \n      <\/div>                           \n \t<\/div>  <\/div>      \n        \n<\/div>\n\n\n\n\n\n<div id=\"uc_post_grid_elementor_4cbe34f_item2\" class=\"uc_post_grid_style_one_item ue_post_grid_item ue-item\">\n  \n      <a class=\"uc_post_grid_style_one_image\" href='https:\/\/genzeroglobal.org\/en\/gen-zero-khi-hoa-hau-dong-hanh-cung-thanh-nien-viet-nam-giai-bai-toan-bien-doi-khi-hau\/' target=\"_self\">\n     <div class=\"uc_post_image\">\n       <img loading=\"lazy\" decoding=\"async\" src=\"https:\/\/genzeroglobal.org\/wp-content\/uploads\/2026\/01\/image.jpg\"  alt=\"image\" width=\"1390\" height=\"926\">\n       <div class=\"uc_post_image_overlay\"><\/div>\n     <\/div>\n    <\/a>\n   \n  <div class=\"uc_content\">\n    <div class=\"uc_content_inner\">\n      <div class=\"uc_content-info-wrapper\" >\n                \n                            \n        <div class=\"uc_post_title\"><a class=\"\" href='https:\/\/genzeroglobal.org\/en\/gen-zero-khi-hoa-hau-dong-hanh-cung-thanh-nien-viet-nam-giai-bai-toan-bien-doi-khi-hau\/' target=\"_self\"><div class=\"ue_p_title\">'Gen Zero': Khi Hoa h\u1eadu \u0111\u1ed3ng h\u00e0nh c\u00f9ng thanh ni\u00ean Vi\u1ec7t Nam gi\u1ea3i b\u00e0i to\u00e1n bi\u1ebfn \u0111\u1ed5i kh\u00ed h\u1eadu<\/div><\/a><\/div>\t\n                 \n          <div class=\"ue-meta-data\">\n            \n                \t    \n                \n        \n\t\n                \n                \n                \n                \n    \t\t\t\n      \n            \n  <\/div>\t\n        \t<div class=\"uc_post_text\">SVO &#8211; \u201cGen Zero &#8211; Thanh ni\u00ean v\u00ec Ph\u00e1t tri\u1ec3n b\u1ec1n v\u1eefng\u201d l\u00e0 ch\u01b0\u01a1ng tr\u00ecnh phi l\u1ee3i nhu\u1eadn \u0111\u01b0\u1ee3c th\u00e0nh...<\/div>\n     \n                   \n                         \n                                              \n      <\/div>                      \n            <div class=\"uc_post_button\">\n        \n        <a class=\"uc_more_btn\" target=\"_blank\" href='https:\/\/genzeroglobal.org\/en\/gen-zero-khi-hoa-hau-dong-hanh-cung-thanh-nien-viet-nam-giai-bai-toan-bien-doi-khi-hau\/'>\n          <div class=\"uc_btn_inner\">\n            <div class=\"uc_btn_txt\">Read More<\/div>\n                      <\/div>\n      \t<\/a>\n        \n                \n      <\/div>                           \n \t<\/div>  <\/div>      \n        \n<\/div>\n\n\n\n\n\n<div id=\"uc_post_grid_elementor_4cbe34f_item3\" class=\"uc_post_grid_style_one_item ue_post_grid_item ue-item\">\n  \n      <a class=\"uc_post_grid_style_one_image\" href='https:\/\/genzeroglobal.org\/en\/gen-zero-cua-hoa-hau-bao-ngoc\/' target=\"_self\">\n     <div class=\"uc_post_image\">\n       <img loading=\"lazy\" decoding=\"async\" src=\"https:\/\/genzeroglobal.org\/wp-content\/uploads\/2026\/01\/hinh-3-hh-bao-ngoc.jpg\"  alt=\"hi\u0300nh 3 hh ba\u0309o ngo\u0323c\" width=\"1839\" height=\"1166\">\n       <div class=\"uc_post_image_overlay\"><\/div>\n     <\/div>\n    <\/a>\n   \n  <div class=\"uc_content\">\n    <div class=\"uc_content_inner\">\n      <div class=\"uc_content-info-wrapper\" >\n                \n                            \n        <div class=\"uc_post_title\"><a class=\"\" href='https:\/\/genzeroglobal.org\/en\/gen-zero-cua-hoa-hau-bao-ngoc\/' target=\"_self\"><div class=\"ue_p_title\">\u201cGen Zero\u201d c\u1ee7a hoa h\u1eadu B\u1ea3o Ng\u1ecdc<\/div><\/a><\/div>\t\n                 \n          <div class=\"ue-meta-data\">\n            \n                \t    \n                \n        \n\t\n                \n                \n                \n                \n    \t\t\t\n      \n            \n  <\/div>\t\n        \t<div class=\"uc_post_text\">Hoa h\u1eadu Li\u00ean l\u1ee5c \u0111\u1ecba n\u0103m 2022 L\u00ea Nguy\u1ec5n B\u1ea3o Ng\u1ecdc v\u1eeba ch\u00ednh th\u1ee9c v\u1eadn h\u00e0nh ch\u01b0\u01a1ng tr\u00ecnh phi l\u1ee3i nhu\u1eadn mang...<\/div>\n     \n                   \n                         \n                                              \n      <\/div>                      \n            <div class=\"uc_post_button\">\n        \n        <a class=\"uc_more_btn\" target=\"_blank\" href='https:\/\/genzeroglobal.org\/en\/gen-zero-cua-hoa-hau-bao-ngoc\/'>\n          <div class=\"uc_btn_inner\">\n            <div class=\"uc_btn_txt\">Read More<\/div>\n                      <\/div>\n      \t<\/a>\n        \n                \n      <\/div>                           \n \t<\/div>  <\/div>      \n        \n<\/div>\n\n\n\n\n\n<div id=\"uc_post_grid_elementor_4cbe34f_item4\" class=\"uc_post_grid_style_one_item ue_post_grid_item ue-item\">\n  \n      <a class=\"uc_post_grid_style_one_image\" href='https:\/\/genzeroglobal.org\/en\/hello-world\/' target=\"_self\">\n     <div class=\"uc_post_image\">\n       <img decoding=\"async\" src=\"https:\/\/genzeroglobal.org\/wp-content\/uploads\/ac_assets\/uc_post_grid_style_one\/no-image.png\" >\n       <div class=\"uc_post_image_overlay\"><\/div>\n     <\/div>\n    <\/a>\n   \n  <div class=\"uc_content\">\n    <div class=\"uc_content_inner\">\n      <div class=\"uc_content-info-wrapper\" >\n                \n                            \n        <div class=\"uc_post_title\"><a class=\"\" href='https:\/\/genzeroglobal.org\/en\/hello-world\/' target=\"_self\"><div class=\"ue_p_title\">Hello world!<\/div><\/a><\/div>\t\n                 \n          <div class=\"ue-meta-data\">\n            \n                \t    \n                \n        \n\t\n                \n                \n                \n                \n    \t\t\t\n      \n            \n  <\/div>\t\n        \t<div class=\"uc_post_text\">Welcome to WordPress. This is your first post. Edit or delete it, then start writing!<\/div>\n     \n                   \n                         \n                                              \n      <\/div>                      \n            <div class=\"uc_post_button\">\n        \n        <a class=\"uc_more_btn\" target=\"_blank\" href='https:\/\/genzeroglobal.org\/en\/hello-world\/'>\n          <div class=\"uc_btn_inner\">\n            <div class=\"uc_btn_txt\">Read More<\/div>\n                      <\/div>\n      \t<\/a>\n        \n                \n      <\/div>                           \n \t<\/div>  <\/div>      \n        \n<\/div>\n\n  <\/div>\n<\/div>\n\n  <div id=\"uc_post_grid_elementor_4cbe34f_empty_message\" class=\"ue-no-posts-found\"  style=\"display:none\" >No posts found<\/div>\n\n<!-- end Post Grid -->\t\t\t\t<\/div>\n\t\t\t\t<\/div>\n\t\t\t\t\t<\/div>\n\t\t\t\t<\/div>\n\t\t\t\t<\/div>","protected":false},"excerpt":{"rendered":"<p>Blog\/News Hoa h\u1eadu B\u1ea3o Ng\u1ecdc mang d\u1ef1 \u00e1n &#8220;Gen Zero&#8221; \u0111\u1ebfn di\u1ec5n \u0111\u00e0n qu\u1ed1c t\u1ebf D\u1ef1 \u00e1n &#8220;Gen Zero&#8221; do B\u1ea3o Ng\u1ecdc s\u00e1ng l\u1eadp v\u00e0 s\u1ebd \u0111\u01b0\u1ee3c c\u00f4 mang t\u1edbi \u0111\u1ea5u tr\u01b0\u1eddng &#8220;Miss World&#8230; Read More &#8216;Gen Zero&#8217;: Khi Hoa h\u1eadu \u0111\u1ed3ng h\u00e0nh c\u00f9ng thanh ni\u00ean Vi\u1ec7t Nam gi\u1ea3i b\u00e0i to\u00e1n bi\u1ebfn \u0111\u1ed5i kh\u00ed h\u1eadu [&hellip;]<\/p>","protected":false},"author":1,"featured_media":0,"parent":0,"menu_order":0,"comment_status":"closed","ping_status":"closed","template":"elementor_header_footer","meta":{"footnotes":""},"class_list":["post-13","page","type-page","status-publish","hentry"],"_links":{"self":[{"href":"https:\/\/genzeroglobal.org\/en\/wp-json\/wp\/v2\/pages\/13","targetHints":{"allow":["GET"]}}],"collection":[{"href":"https:\/\/genzeroglobal.org\/en\/wp-json\/wp\/v2\/pages"}],"about":[{"href":"https:\/\/genzeroglobal.org\/en\/wp-json\/wp\/v2\/types\/page"}],"author":[{"embeddable":true,"href":"https:\/\/genzeroglobal.org\/en\/wp-json\/wp\/v2\/users\/1"}],"replies":[{"embeddable":true,"href":"https:\/\/genzeroglobal.org\/en\/wp-json\/wp\/v2\/comments?post=13"}],"version-history":[{"count":4,"href":"https:\/\/genzeroglobal.org\/en\/wp-json\/wp\/v2\/pages\/13\/revisions"}],"predecessor-version":[{"id":152,"href":"https:\/\/genzeroglobal.org\/en\/wp-json\/wp\/v2\/pages\/13\/revisions\/152"}],"wp:attachment":[{"href":"https:\/\/genzeroglobal.org\/en\/wp-json\/wp\/v2\/media?parent=13"}],"curies":[{"name":"wp","href":"https:\/\/api.w.org\/{rel}","templated":true}]}}